{"id":284,"date":"2025-05-21T04:58:41","date_gmt":"2025-05-21T04:58:41","guid":{"rendered":"https:\/\/dev.detati.net\/copefamilysupport\/?page_id=284"},"modified":"2025-08-09T11:44:45","modified_gmt":"2025-08-09T18:44:45","slug":"supporting-father-involvement","status":"publish","type":"page","link":"https:\/\/dev.detati.net\/copefamilysupport\/supporting-father-involvement\/","title":{"rendered":"Supporting Father Involvement"},"content":{"rendered":"<p><div class=\"fusion-fullwidth fullwidth-box fusion-builder-row-1 fusion-flex-container has-pattern-background has-mask-background nonhundred-percent-fullwidth non-hundred-percent-height-scrolling\" style=\"--awb-border-radius-top-left:0px;--awb-border-radius-top-right:0px;--awb-border-radius-bottom-right:0px;--awb-border-radius-bottom-left:0px;--awb-padding-top:40px;--awb-padding-bottom:0px;--awb-margin-top:0px;--awb-background-color:rgba(65,139,202,0.25);--awb-flex-wrap:wrap;\" ><div class=\"fusion-builder-row fusion-row fusion-flex-align-items-flex-start fusion-flex-content-wrap\" style=\"max-width:1144px;margin-left: calc(-4% \/ 2 );margin-right: calc(-4% \/ 2 );\"><div class=\"fusion-layout-column fusion_builder_column fusion-builder-column-0 fusion_builder_column_3_4 3_4 fusion-flex-column\" style=\"--awb-bg-size:cover;--awb-width-large:75%;--awb-margin-top-large:0px;--awb-spacing-right-large:2.56%;--awb-margin-bottom-large:20px;--awb-spacing-left-large:2.56%;--awb-width-medium:75%;--awb-order-medium:0;--awb-spacing-right-medium:2.56%;--awb-spacing-left-medium:2.56%;--awb-width-small:100%;--awb-order-small:0;--awb-spacing-right-small:1.92%;--awb-spacing-left-small:1.92%;\" data-scroll-devices=\"small-visibility,medium-visibility,large-visibility\"><div class=\"fusion-column-wrapper fusion-column-has-shadow fusion-flex-justify-content-flex-start fusion-content-layout-column\"><div class=\"fusion-title title fusion-title-1 fusion-sep-none fusion-title-text fusion-title-size-one\" style=\"--awb-margin-top:0px;--awb-margin-bottom:0px;\"><h1 class=\"fusion-title-heading title-heading-left\" style=\"margin:0;\"><h1>Supporting Father Involvement<\/h1><\/h1><\/div><\/div><\/div><div class=\"fusion-layout-column fusion_builder_column fusion-builder-column-1 fusion_builder_column_1_1 1_1 fusion-flex-column\" style=\"--awb-bg-size:cover;--awb-width-large:100%;--awb-margin-top-large:0px;--awb-spacing-right-large:1.92%;--awb-margin-bottom-large:0px;--awb-spacing-left-large:1.92%;--awb-width-medium:100%;--awb-order-medium:0;--awb-spacing-right-medium:1.92%;--awb-spacing-left-medium:1.92%;--awb-width-small:100%;--awb-order-small:0;--awb-spacing-right-small:1.92%;--awb-spacing-left-small:1.92%;\" data-scroll-devices=\"small-visibility,medium-visibility,large-visibility\"><div class=\"fusion-column-wrapper fusion-column-has-shadow fusion-flex-justify-content-flex-start fusion-content-layout-column\"><div class=\"fusion-section-separator section-separator curved fusion-section-separator-1\" style=\"--awb-spacer-height:80px;--awb-svg-margin-left:1.92%;--awb-svg-margin-right:1.92%;--awb-svg-margin-left-medium:1.92%;--awb-svg-margin-right-medium:1.92%;--awb-svg-margin-left-small:1.92%;--awb-svg-margin-right-small:1.92%;--awb-divider-height:80px;--awb-spacer-padding-top:inherit;--awb-sep-padding:0;--awb-svg-padding:0;\"><div class=\"fusion-section-separator-svg\"><svg class=\"fusion-curved-candy\" xmlns=\"http:\/\/www.w3.org\/2000\/svg\" version=\"1.1\" width=\"100%\" height=\"100\" viewBox=\"0 0 100 100\" preserveAspectRatio=\"none\" fill=\"rgba(255,255,255,1)\"><path d=\"M0 100 C 20 0 50 0 100 100 Z\"><\/path><\/svg><\/div><div class=\"fusion-section-separator-spacer\"><div class=\"fusion-section-separator-spacer-height\"><\/div><\/div><\/div><\/div><\/div><\/div><\/div><div class=\"fusion-fullwidth fullwidth-box fusion-builder-row-2 fusion-flex-container has-pattern-background has-mask-background nonhundred-percent-fullwidth non-hundred-percent-height-scrolling\" style=\"--awb-border-radius-top-left:0px;--awb-border-radius-top-right:0px;--awb-border-radius-bottom-right:0px;--awb-border-radius-bottom-left:0px;--awb-padding-top:25px;--awb-flex-wrap:wrap;\" ><div class=\"fusion-builder-row fusion-row fusion-flex-align-items-flex-start fusion-flex-content-wrap\" style=\"max-width:1144px;margin-left: calc(-4% \/ 2 );margin-right: calc(-4% \/ 2 );\"><div class=\"fusion-layout-column fusion_builder_column fusion-builder-column-2 fusion_builder_column_1_2 1_2 fusion-flex-column\" style=\"--awb-bg-size:cover;--awb-width-large:50%;--awb-margin-top-large:0px;--awb-spacing-right-large:3.84%;--awb-margin-bottom-large:20px;--awb-spacing-left-large:3.84%;--awb-width-medium:50%;--awb-order-medium:0;--awb-spacing-right-medium:3.84%;--awb-spacing-left-medium:3.84%;--awb-width-small:100%;--awb-order-small:0;--awb-spacing-right-small:1.92%;--awb-spacing-left-small:1.92%;\"><div class=\"fusion-column-wrapper fusion-column-has-shadow fusion-flex-justify-content-flex-start fusion-content-layout-column\"><div class=\"fusion-text fusion-text-1\"><p>Are you estranged from your kids? Or going through a separation, divorce or immigration issue that is impacting your relationship with your children? Do you get angry with them when you wish you wouldn\u2019t? Has the stress of this situation brought you to a breaking point?<\/p>\n<p>We teach skills that can help you manage situations differently, reduce stress, repair your relationship with your kids and promote healthy father involvement no matter the situation you face.<\/p>\n<\/div><div class=\"fusion-text fusion-text-2 fusion-text-no-margin\" style=\"--awb-margin-bottom:25px;\"><h6>Call <strong>925-689-5811<\/strong> to talk to our team and design a custom program. Or sign up for classes.<\/h6>\n<\/div><div class=\"fusion-builder-row fusion-builder-row-inner fusion-row fusion-flex-align-items-flex-start fusion-flex-content-wrap\" style=\"width:104% !important;max-width:104% !important;margin-left: calc(-4% \/ 2 );margin-right: calc(-4% \/ 2 );\"><div class=\"fusion-layout-column fusion_builder_column_inner fusion-builder-nested-column-0 fusion_builder_column_inner_1_1 1_1 fusion-flex-column\" style=\"--awb-bg-size:cover;--awb-width-large:100%;--awb-margin-top-large:0px;--awb-spacing-right-large:1.92%;--awb-margin-bottom-large:20px;--awb-spacing-left-large:1.92%;--awb-width-medium:100%;--awb-order-medium:0;--awb-spacing-right-medium:1.92%;--awb-spacing-left-medium:1.92%;--awb-width-small:100%;--awb-order-small:0;--awb-spacing-right-small:1.92%;--awb-spacing-left-small:1.92%;\" data-scroll-devices=\"small-visibility,medium-visibility,large-visibility\"><div class=\"fusion-column-wrapper fusion-column-has-shadow fusion-flex-justify-content-flex-start fusion-content-layout-column\"><div ><a class=\"fusion-button button-flat fusion-button-default-size button-default fusion-button-default button-1 fusion-button-default-span fusion-button-default-type\" target=\"_blank\" rel=\"noopener noreferrer\" href=\"https:\/\/copefamilysupport.coursestorm.com\/category\/for-fathers-all-ages\"><span class=\"fusion-button-text awb-button__text awb-button__text--default\">Classes &#8211; English<\/span><\/a><\/div><\/div><\/div><div class=\"fusion-layout-column fusion_builder_column_inner fusion-builder-nested-column-1 fusion_builder_column_inner_1_1 1_1 fusion-flex-column\" style=\"--awb-bg-size:cover;--awb-width-large:100%;--awb-margin-top-large:0px;--awb-spacing-right-large:1.92%;--awb-margin-bottom-large:20px;--awb-spacing-left-large:1.92%;--awb-width-medium:100%;--awb-order-medium:0;--awb-spacing-right-medium:1.92%;--awb-spacing-left-medium:1.92%;--awb-width-small:100%;--awb-order-small:0;--awb-spacing-right-small:1.92%;--awb-spacing-left-small:1.92%;\" data-scroll-devices=\"small-visibility,medium-visibility,large-visibility\"><div class=\"fusion-column-wrapper fusion-column-has-shadow fusion-flex-justify-content-flex-start fusion-content-layout-column\"><div ><a class=\"fusion-button button-flat fusion-button-default-size button-default fusion-button-default button-2 fusion-button-default-span fusion-button-default-type\" style=\"--button_margin-bottom:15px;\" target=\"_blank\" rel=\"noopener noreferrer\" href=\"https:\/\/copefamilysupport.coursestorm.com\/category\/para-los-padres\"><span class=\"fusion-button-text awb-button__text awb-button__text--default\">Clases en Espa\u00f1ol<\/span><\/a><\/div><div class=\"fusion-text fusion-text-3\"><p><strong><em>Si no hay clases en espa\u00f1ol en la lista, env\u00ede un correo electr\u00f3nico a <a href=\"mailto:angel.martinez@copefamilysupport.org\">angel.martinez@copefamilysupport.org<\/a> para agregarse a nuestra lista de espera.<\/em><\/strong><\/p>\n<\/div><\/div><\/div><\/div><\/div><\/div><div class=\"fusion-layout-column fusion_builder_column fusion-builder-column-3 fusion_builder_column_1_2 1_2 fusion-flex-column\" style=\"--awb-bg-size:cover;--awb-width-large:50%;--awb-margin-top-large:0px;--awb-spacing-right-large:3.84%;--awb-margin-bottom-large:20px;--awb-spacing-left-large:3.84%;--awb-width-medium:50%;--awb-order-medium:0;--awb-spacing-right-medium:3.84%;--awb-spacing-left-medium:3.84%;--awb-width-small:100%;--awb-order-small:0;--awb-spacing-right-small:1.92%;--awb-spacing-left-small:1.92%;\"><div class=\"fusion-column-wrapper fusion-column-has-shadow fusion-flex-justify-content-flex-start fusion-content-layout-column\"><div class=\"fusion-image-element \" style=\"--awb-caption-title-font-family:var(--h2_typography-font-family);--awb-caption-title-font-weight:var(--h2_typography-font-weight);--awb-caption-title-font-style:var(--h2_typography-font-style);--awb-caption-title-size:var(--h2_typography-font-size);--awb-caption-title-transform:var(--h2_typography-text-transform);--awb-caption-title-line-height:var(--h2_typography-line-height);--awb-caption-title-letter-spacing:var(--h2_typography-letter-spacing);\"><span class=\" fusion-imageframe imageframe-none imageframe-1 hover-type-none\"><img decoding=\"async\" width=\"650\" height=\"477\" title=\"father-involve\" src=\"https:\/\/dev.detati.net\/copefamilysupport\/wp-content\/uploads\/2025\/07\/father-involve.jpg\" alt class=\"img-responsive wp-image-1167\" srcset=\"https:\/\/dev.detati.net\/copefamilysupport\/wp-content\/uploads\/2025\/07\/father-involve-200x147.jpg 200w, https:\/\/dev.detati.net\/copefamilysupport\/wp-content\/uploads\/2025\/07\/father-involve-400x294.jpg 400w, https:\/\/dev.detati.net\/copefamilysupport\/wp-content\/uploads\/2025\/07\/father-involve-600x440.jpg 600w, https:\/\/dev.detati.net\/copefamilysupport\/wp-content\/uploads\/2025\/07\/father-involve.jpg 650w\" sizes=\"(max-width: 640px) 100vw, 600px\" \/><\/span><\/div><\/div><\/div><\/div><\/div><div class=\"fusion-fullwidth fullwidth-box fusion-builder-row-3 fusion-flex-container has-pattern-background has-mask-background nonhundred-percent-fullwidth non-hundred-percent-height-scrolling\" style=\"--awb-border-radius-top-left:0px;--awb-border-radius-top-right:0px;--awb-border-radius-bottom-right:0px;--awb-border-radius-bottom-left:0px;--awb-flex-wrap:wrap;\" ><div class=\"fusion-builder-row fusion-row fusion-flex-align-items-flex-start fusion-flex-content-wrap\" style=\"max-width:1144px;margin-left: calc(-4% \/ 2 );margin-right: calc(-4% \/ 2 );\"><div class=\"fusion-layout-column fusion_builder_column fusion-builder-column-4 fusion_builder_column_1_1 1_1 fusion-flex-column\" style=\"--awb-bg-size:cover;--awb-width-large:100%;--awb-margin-top-large:0px;--awb-spacing-right-large:1.92%;--awb-margin-bottom-large:20px;--awb-spacing-left-large:1.92%;--awb-width-medium:100%;--awb-order-medium:0;--awb-spacing-right-medium:1.92%;--awb-spacing-left-medium:1.92%;--awb-width-small:100%;--awb-order-small:0;--awb-spacing-right-small:1.92%;--awb-spacing-left-small:1.92%;\"><div class=\"fusion-column-wrapper fusion-column-has-shadow fusion-flex-justify-content-flex-start fusion-content-layout-column\"><div class=\"fusion-text fusion-text-4\"><h3>Proven Father Involvement Program Has Helped Thousands<\/h3>\n<\/div><\/div><\/div><div class=\"fusion-layout-column fusion_builder_column fusion-builder-column-5 fusion_builder_column_2_5 2_5 fusion-flex-column\" style=\"--awb-bg-size:cover;--awb-width-large:40%;--awb-margin-top-large:0px;--awb-spacing-right-large:4.8%;--awb-margin-bottom-large:20px;--awb-spacing-left-large:4.8%;--awb-width-medium:40%;--awb-order-medium:0;--awb-spacing-right-medium:4.8%;--awb-spacing-left-medium:4.8%;--awb-width-small:100%;--awb-order-small:0;--awb-spacing-right-small:1.92%;--awb-spacing-left-small:1.92%;\"><div class=\"fusion-column-wrapper fusion-column-has-shadow fusion-flex-justify-content-flex-start fusion-content-layout-column\"><div class=\"fusion-text fusion-text-5\"><p>Hear what one father had to say:<\/p>\n<\/div><div class=\"fusion-video fusion-vimeo\" style=\"--awb-max-width:600px;--awb-max-height:360px;--awb-align-self:center;--awb-width:100%;\"><div class=\"video-shortcode\"><div class=\"fluid-width-video-wrapper\" style=\"padding-top:60%;\" ><iframe title=\"Vimeo video player 1\" src=\"https:\/\/player.vimeo.com\/video\/1102660828?autoplay=0&autopause=0\" width=\"600\" height=\"360\" allowfullscreen allow=\"autoplay; fullscreen\"><\/iframe><\/div><\/div><\/div><\/div><\/div><div class=\"fusion-layout-column fusion_builder_column fusion-builder-column-6 fusion_builder_column_3_5 3_5 fusion-flex-column\" style=\"--awb-bg-size:cover;--awb-width-large:60%;--awb-margin-top-large:0px;--awb-spacing-right-large:3.2%;--awb-margin-bottom-large:20px;--awb-spacing-left-large:3.2%;--awb-width-medium:60%;--awb-order-medium:0;--awb-spacing-right-medium:3.2%;--awb-spacing-left-medium:3.2%;--awb-width-small:100%;--awb-order-small:0;--awb-spacing-right-small:1.92%;--awb-spacing-left-small:1.92%;\"><div class=\"fusion-column-wrapper fusion-column-has-shadow fusion-flex-justify-content-flex-start fusion-content-layout-column\"><div class=\"fusion-text fusion-text-6\"><p>Our Supporting Father Involvement (SFI) classes provide fathers with the tools and support necessary to reduce parenting stress, enhance co-parenting relationships, and increase father engagement, all of which contribute to positive child development. Through structured interventions\u2014such as stress management workshops, peer support groups, and co-parenting communication training\u2014the program fosters resilience among fathers and caregivers, particularly in families navigating acute disruptions, including divorce, separation, child welfare involvement, incarceration, and immigration-related separations. By mitigating these stressors and promoting healthy father involvement, SFI strengthens family dynamics and improves overall child and parental well-being.<\/p>\n<p>Supporting Father Involvement (SFI), an evidence-based research intevention, was funded and created by the California Department of Social Services\u2019 Office of Child Abuse Prevention in 2002 and has been a catalyst for helping thousands of fathers throughout the state.<\/p>\n<\/div><\/div><\/div><\/div><\/div><\/p>\n","protected":false},"excerpt":{"rendered":"","protected":false},"author":2,"featured_media":0,"parent":0,"menu_order":0,"comment_status":"closed","ping_status":"closed","template":"100-width.php","meta":{"footnotes":""},"class_list":["post-284","page","type-page","status-publish","hentry"],"yoast_head":"<!-- This site is optimized with the Yoast SEO plugin v25.6 - https:\/\/yoast.com\/wordpress\/plugins\/seo\/ -->\n<title>Supporting Father Involvement - Cope Family Support<\/title>\n<meta name=\"description\" content=\"Supporting Father Involvement classes. Evidenced-based national program proven to produce healthier families. Group classes for fathers only.\" \/>\n<meta name=\"robots\" content=\"index, follow, max-snippet:-1, max-image-preview:large, max-video-preview:-1\" \/>\n<link rel=\"canonical\" href=\"https:\/\/dev.detati.net\/copefamilysupport\/supporting-father-involvement\/\" \/>\n<meta property=\"og:locale\" content=\"en_US\" \/>\n<meta property=\"og:type\" content=\"article\" \/>\n<meta property=\"og:title\" content=\"Supporting Father Involvement - Cope Family Support\" \/>\n<meta property=\"og:description\" content=\"Supporting Father Involvement classes. Evidenced-based national program proven to produce healthier families. Group classes for fathers only.\" \/>\n<meta property=\"og:url\" content=\"https:\/\/dev.detati.net\/copefamilysupport\/supporting-father-involvement\/\" \/>\n<meta property=\"og:site_name\" content=\"Cope Family Support\" \/>\n<meta property=\"article:modified_time\" content=\"2025-08-09T18:44:45+00:00\" \/>\n<meta name=\"twitter:card\" content=\"summary_large_image\" \/>\n<meta name=\"twitter:label1\" content=\"Est. reading time\" \/>\n\t<meta name=\"twitter:data1\" content=\"2 minutes\" \/>\n<script type=\"application\/ld+json\" class=\"yoast-schema-graph\">{\"@context\":\"https:\/\/schema.org\",\"@graph\":[{\"@type\":\"WebPage\",\"@id\":\"https:\/\/dev.detati.net\/copefamilysupport\/supporting-father-involvement\/\",\"url\":\"https:\/\/dev.detati.net\/copefamilysupport\/supporting-father-involvement\/\",\"name\":\"Supporting Father Involvement - Cope Family Support\",\"isPartOf\":{\"@id\":\"https:\/\/dev.detati.net\/copefamilysupport\/#website\"},\"datePublished\":\"2025-05-21T04:58:41+00:00\",\"dateModified\":\"2025-08-09T18:44:45+00:00\",\"description\":\"Supporting Father Involvement classes. Evidenced-based national program proven to produce healthier families. Group classes for fathers only.\",\"breadcrumb\":{\"@id\":\"https:\/\/dev.detati.net\/copefamilysupport\/supporting-father-involvement\/#breadcrumb\"},\"inLanguage\":\"en-US\",\"potentialAction\":[{\"@type\":\"ReadAction\",\"target\":[\"https:\/\/dev.detati.net\/copefamilysupport\/supporting-father-involvement\/\"]}]},{\"@type\":\"BreadcrumbList\",\"@id\":\"https:\/\/dev.detati.net\/copefamilysupport\/supporting-father-involvement\/#breadcrumb\",\"itemListElement\":[{\"@type\":\"ListItem\",\"position\":1,\"name\":\"Home\",\"item\":\"https:\/\/dev.detati.net\/copefamilysupport\/\"},{\"@type\":\"ListItem\",\"position\":2,\"name\":\"Supporting Father Involvement\"}]},{\"@type\":\"WebSite\",\"@id\":\"https:\/\/dev.detati.net\/copefamilysupport\/#website\",\"url\":\"https:\/\/dev.detati.net\/copefamilysupport\/\",\"name\":\"Cope Family Support\",\"description\":\"\",\"potentialAction\":[{\"@type\":\"SearchAction\",\"target\":{\"@type\":\"EntryPoint\",\"urlTemplate\":\"https:\/\/dev.detati.net\/copefamilysupport\/?s={search_term_string}\"},\"query-input\":{\"@type\":\"PropertyValueSpecification\",\"valueRequired\":true,\"valueName\":\"search_term_string\"}}],\"inLanguage\":\"en-US\"}]}<\/script>\n<!-- \/ Yoast SEO plugin. -->","yoast_head_json":{"title":"Supporting Father Involvement - Cope Family Support","description":"Supporting Father Involvement classes. Evidenced-based national program proven to produce healthier families. Group classes for fathers only.","robots":{"index":"index","follow":"follow","max-snippet":"max-snippet:-1","max-image-preview":"max-image-preview:large","max-video-preview":"max-video-preview:-1"},"canonical":"https:\/\/dev.detati.net\/copefamilysupport\/supporting-father-involvement\/","og_locale":"en_US","og_type":"article","og_title":"Supporting Father Involvement - Cope Family Support","og_description":"Supporting Father Involvement classes. Evidenced-based national program proven to produce healthier families. Group classes for fathers only.","og_url":"https:\/\/dev.detati.net\/copefamilysupport\/supporting-father-involvement\/","og_site_name":"Cope Family Support","article_modified_time":"2025-08-09T18:44:45+00:00","twitter_card":"summary_large_image","twitter_misc":{"Est. reading time":"2 minutes"},"schema":{"@context":"https:\/\/schema.org","@graph":[{"@type":"WebPage","@id":"https:\/\/dev.detati.net\/copefamilysupport\/supporting-father-involvement\/","url":"https:\/\/dev.detati.net\/copefamilysupport\/supporting-father-involvement\/","name":"Supporting Father Involvement - Cope Family Support","isPartOf":{"@id":"https:\/\/dev.detati.net\/copefamilysupport\/#website"},"datePublished":"2025-05-21T04:58:41+00:00","dateModified":"2025-08-09T18:44:45+00:00","description":"Supporting Father Involvement classes. Evidenced-based national program proven to produce healthier families. Group classes for fathers only.","breadcrumb":{"@id":"https:\/\/dev.detati.net\/copefamilysupport\/supporting-father-involvement\/#breadcrumb"},"inLanguage":"en-US","potentialAction":[{"@type":"ReadAction","target":["https:\/\/dev.detati.net\/copefamilysupport\/supporting-father-involvement\/"]}]},{"@type":"BreadcrumbList","@id":"https:\/\/dev.detati.net\/copefamilysupport\/supporting-father-involvement\/#breadcrumb","itemListElement":[{"@type":"ListItem","position":1,"name":"Home","item":"https:\/\/dev.detati.net\/copefamilysupport\/"},{"@type":"ListItem","position":2,"name":"Supporting Father Involvement"}]},{"@type":"WebSite","@id":"https:\/\/dev.detati.net\/copefamilysupport\/#website","url":"https:\/\/dev.detati.net\/copefamilysupport\/","name":"Cope Family Support","description":"","potentialAction":[{"@type":"SearchAction","target":{"@type":"EntryPoint","urlTemplate":"https:\/\/dev.detati.net\/copefamilysupport\/?s={search_term_string}"},"query-input":{"@type":"PropertyValueSpecification","valueRequired":true,"valueName":"search_term_string"}}],"inLanguage":"en-US"}]}},"_links":{"self":[{"href":"https:\/\/dev.detati.net\/copefamilysupport\/wp-json\/wp\/v2\/pages\/284","targetHints":{"allow":["GET"]}}],"collection":[{"href":"https:\/\/dev.detati.net\/copefamilysupport\/wp-json\/wp\/v2\/pages"}],"about":[{"href":"https:\/\/dev.detati.net\/copefamilysupport\/wp-json\/wp\/v2\/types\/page"}],"author":[{"embeddable":true,"href":"https:\/\/dev.detati.net\/copefamilysupport\/wp-json\/wp\/v2\/users\/2"}],"replies":[{"embeddable":true,"href":"https:\/\/dev.detati.net\/copefamilysupport\/wp-json\/wp\/v2\/comments?post=284"}],"version-history":[{"count":28,"href":"https:\/\/dev.detati.net\/copefamilysupport\/wp-json\/wp\/v2\/pages\/284\/revisions"}],"predecessor-version":[{"id":1815,"href":"https:\/\/dev.detati.net\/copefamilysupport\/wp-json\/wp\/v2\/pages\/284\/revisions\/1815"}],"wp:attachment":[{"href":"https:\/\/dev.detati.net\/copefamilysupport\/wp-json\/wp\/v2\/media?parent=284"}],"curies":[{"name":"wp","href":"https:\/\/api.w.org\/{rel}","templated":true}]}}