{"id":20,"date":"2025-05-08T19:23:55","date_gmt":"2025-05-08T19:23:55","guid":{"rendered":"https:\/\/dev.detati.net\/copefamilysupport\/?page_id=20"},"modified":"2025-08-09T12:42:40","modified_gmt":"2025-08-09T19:42:40","slug":"parenting-classes","status":"publish","type":"page","link":"https:\/\/dev.detati.net\/copefamilysupport\/parenting-classes\/","title":{"rendered":"Parenting Classes"},"content":{"rendered":"<p><div class=\"fusion-fullwidth fullwidth-box fusion-builder-row-1 fusion-flex-container has-pattern-background has-mask-background nonhundred-percent-fullwidth non-hundred-percent-height-scrolling\" style=\"--awb-border-radius-top-left:0px;--awb-border-radius-top-right:0px;--awb-border-radius-bottom-right:0px;--awb-border-radius-bottom-left:0px;--awb-padding-top:40px;--awb-padding-bottom:0px;--awb-margin-top:0px;--awb-background-color:rgba(65,139,202,0.25);--awb-flex-wrap:wrap;\" ><div class=\"fusion-builder-row fusion-row fusion-flex-align-items-flex-start fusion-flex-content-wrap\" style=\"max-width:1144px;margin-left: calc(-4% \/ 2 );margin-right: calc(-4% \/ 2 );\"><div class=\"fusion-layout-column fusion_builder_column fusion-builder-column-0 fusion_builder_column_4_5 4_5 fusion-flex-column\" style=\"--awb-bg-size:cover;--awb-width-large:80%;--awb-margin-top-large:0px;--awb-spacing-right-large:2.4%;--awb-margin-bottom-large:20px;--awb-spacing-left-large:2.4%;--awb-width-medium:80%;--awb-order-medium:0;--awb-spacing-right-medium:2.4%;--awb-spacing-left-medium:2.4%;--awb-width-small:100%;--awb-order-small:0;--awb-spacing-right-small:1.92%;--awb-spacing-left-small:1.92%;\" data-scroll-devices=\"small-visibility,medium-visibility,large-visibility\"><div class=\"fusion-column-wrapper fusion-column-has-shadow fusion-flex-justify-content-flex-start fusion-content-layout-column\"><div class=\"fusion-title title fusion-title-1 fusion-sep-none fusion-title-text fusion-title-size-one\" style=\"--awb-margin-top:0px;--awb-margin-bottom:0px;\"><h1 class=\"fusion-title-heading title-heading-left\" style=\"margin:0;\"><h1>Parenting Classes<\/h1><\/h1><\/div><\/div><\/div><div class=\"fusion-layout-column fusion_builder_column fusion-builder-column-1 fusion_builder_column_1_1 1_1 fusion-flex-column\" style=\"--awb-bg-size:cover;--awb-width-large:100%;--awb-margin-top-large:0px;--awb-spacing-right-large:1.92%;--awb-margin-bottom-large:0px;--awb-spacing-left-large:1.92%;--awb-width-medium:100%;--awb-order-medium:0;--awb-spacing-right-medium:1.92%;--awb-spacing-left-medium:1.92%;--awb-width-small:100%;--awb-order-small:0;--awb-spacing-right-small:1.92%;--awb-spacing-left-small:1.92%;\" data-scroll-devices=\"small-visibility,medium-visibility,large-visibility\"><div class=\"fusion-column-wrapper fusion-column-has-shadow fusion-flex-justify-content-flex-start fusion-content-layout-column\"><div class=\"fusion-section-separator section-separator curved fusion-section-separator-1\" style=\"--awb-spacer-height:80px;--awb-svg-margin-left:1.92%;--awb-svg-margin-right:1.92%;--awb-svg-margin-left-medium:1.92%;--awb-svg-margin-right-medium:1.92%;--awb-svg-margin-left-small:1.92%;--awb-svg-margin-right-small:1.92%;--awb-divider-height:80px;--awb-spacer-padding-top:inherit;--awb-sep-padding:0;--awb-svg-padding:0;\"><div class=\"fusion-section-separator-svg\"><svg class=\"fusion-curved-candy\" xmlns=\"http:\/\/www.w3.org\/2000\/svg\" version=\"1.1\" width=\"100%\" height=\"100\" viewBox=\"0 0 100 100\" preserveAspectRatio=\"none\" fill=\"rgba(255,255,255,1)\"><path d=\"M0 100 C 20 0 50 0 100 100 Z\"><\/path><\/svg><\/div><div class=\"fusion-section-separator-spacer\"><div class=\"fusion-section-separator-spacer-height\"><\/div><\/div><\/div><\/div><\/div><\/div><\/div><div class=\"fusion-fullwidth fullwidth-box fusion-builder-row-2 fusion-flex-container has-pattern-background has-mask-background nonhundred-percent-fullwidth non-hundred-percent-height-scrolling fusion-no-small-visibility fusion-no-medium-visibility\" style=\"--awb-border-radius-top-left:0px;--awb-border-radius-top-right:0px;--awb-border-radius-bottom-right:0px;--awb-border-radius-bottom-left:0px;--awb-padding-top:25px;--awb-padding-bottom:20px;--awb-flex-wrap:wrap;\" ><div class=\"fusion-builder-row fusion-row fusion-flex-align-items-flex-start fusion-flex-content-wrap\" style=\"max-width:1144px;margin-left: calc(-4% \/ 2 );margin-right: calc(-4% \/ 2 );\"><div class=\"fusion-layout-column fusion_builder_column fusion-builder-column-2 fusion_builder_column_1_2 1_2 fusion-flex-column\" style=\"--awb-bg-size:cover;--awb-width-large:50%;--awb-margin-top-large:0px;--awb-spacing-right-large:3.84%;--awb-margin-bottom-large:20px;--awb-spacing-left-large:3.84%;--awb-width-medium:50%;--awb-order-medium:0;--awb-spacing-right-medium:3.84%;--awb-spacing-left-medium:3.84%;--awb-width-small:100%;--awb-order-small:0;--awb-spacing-right-small:1.92%;--awb-spacing-left-small:1.92%;\"><div class=\"fusion-column-wrapper fusion-column-has-shadow fusion-flex-justify-content-flex-start fusion-content-layout-column\"><div class=\"fusion-text fusion-text-1\"><p>Parenting classes is where it all starts at COPE Family Support.<\/p>\n<p>Would you like to calm the family chaos?<br \/>\nAre your kids hurting? Are you all in crisis?<br \/>\nAre you frustrated with the communication breakdown?<\/p>\n<p>By giving parents the knowledge, skills and confidence to create a nurturing environment for their children, no matter the situation, we help parents and children establish a sense of security and understanding. Our parenting classes are held in a group setting with other parents so everyone can learn from others as well as our highly trained practitioners.<\/p>\n<p>We start by strengthening relationships through these parenting classes, which are often paired with counseling and therapy.<\/p>\n<\/div><div ><a class=\"fusion-button button-flat fusion-button-default-size button-default fusion-button-default button-1 fusion-button-default-span fusion-button-default-type\" target=\"_blank\" rel=\"noopener noreferrer\" href=\"https:\/\/copefamilysupport.coursestorm.com\/category\/parent-education-english \"><span class=\"fusion-button-text awb-button__text awb-button__text--default\">CLASSES IN ENGLISH<\/span><\/a><\/div><div ><a class=\"fusion-button button-flat fusion-button-default-size button-default fusion-button-default button-2 fusion-button-default-span fusion-button-default-type\" style=\"--button_margin-top:20px;\" target=\"_blank\" rel=\"noopener noreferrer\" href=\"https:\/\/copefamilysupport.coursestorm.com\/category\/parent-education-spanish\"><span class=\"fusion-button-text awb-button__text awb-button__text--default\">CLASES EN espa\u00f1ol<\/span><\/a><\/div><div class=\"fusion-text fusion-text-2\" style=\"--awb-margin-top:15px;\"><p><strong><em>Si no hay clases en espa\u00f1ol en la lista, env\u00ede un correo electr\u00f3nico a <a href=\"mailto:angel.martinez@copefamilysupport.org\">angel.martinez@copefamilysupport.org<\/a> para agregarse a nuestra lista de espera.<\/em><\/strong><\/p>\n<\/div><\/div><\/div><div class=\"fusion-layout-column fusion_builder_column fusion-builder-column-3 fusion_builder_column_1_2 1_2 fusion-flex-column\" style=\"--awb-bg-size:cover;--awb-width-large:50%;--awb-margin-top-large:0px;--awb-spacing-right-large:3.84%;--awb-margin-bottom-large:20px;--awb-spacing-left-large:3.84%;--awb-width-medium:50%;--awb-order-medium:0;--awb-spacing-right-medium:3.84%;--awb-spacing-left-medium:3.84%;--awb-width-small:100%;--awb-order-small:0;--awb-spacing-right-small:1.92%;--awb-spacing-left-small:1.92%;\"><div class=\"fusion-column-wrapper fusion-column-has-shadow fusion-flex-justify-content-flex-start fusion-content-layout-column\"><div class=\"fusion-video fusion-vimeo\" style=\"--awb-max-width:600px;--awb-max-height:360px;--awb-align-self:center;--awb-width:100%;\"><div class=\"video-shortcode\"><div class=\"fluid-width-video-wrapper\" style=\"padding-top:60%;\" ><iframe title=\"Vimeo video player 1\" src=\"https:\/\/player.vimeo.com\/video\/1102691066?autoplay=0&autopause=0\" width=\"600\" height=\"360\" allowfullscreen allow=\"autoplay; fullscreen\"><\/iframe><\/div><\/div><\/div><\/div><\/div><\/div><\/div><div class=\"fusion-fullwidth fullwidth-box fusion-builder-row-3 fusion-flex-container has-pattern-background has-mask-background nonhundred-percent-fullwidth non-hundred-percent-height-scrolling fusion-no-large-visibility\" style=\"--awb-border-radius-top-left:0px;--awb-border-radius-top-right:0px;--awb-border-radius-bottom-right:0px;--awb-border-radius-bottom-left:0px;--awb-padding-top:25px;--awb-padding-bottom:20px;--awb-flex-wrap:wrap;\" ><div class=\"fusion-builder-row fusion-row fusion-flex-align-items-flex-start fusion-flex-content-wrap\" style=\"max-width:1144px;margin-left: calc(-4% \/ 2 );margin-right: calc(-4% \/ 2 );\"><div class=\"fusion-layout-column fusion_builder_column fusion-builder-column-4 fusion_builder_column_1_1 1_1 fusion-flex-column\" style=\"--awb-bg-size:cover;--awb-width-large:100%;--awb-margin-top-large:0px;--awb-spacing-right-large:1.92%;--awb-margin-bottom-large:20px;--awb-spacing-left-large:1.92%;--awb-width-medium:100%;--awb-order-medium:0;--awb-spacing-right-medium:1.92%;--awb-spacing-left-medium:1.92%;--awb-width-small:100%;--awb-order-small:0;--awb-spacing-right-small:1.92%;--awb-spacing-left-small:1.92%;\"><div class=\"fusion-column-wrapper fusion-column-has-shadow fusion-flex-justify-content-flex-start fusion-content-layout-column\"><div class=\"fusion-text fusion-text-3\" style=\"--awb-font-size:18px;\"><p>Would you like to calm the family chaos?<br \/>\nAre your kids hurting? Are you all in crisis?<br \/>\nAre you frustrated with the communication breakdown?<\/p>\n<p>We help parents and children establish a sense of security and understanding so that they can thrive. We start by strengthening relationships through these parent education classes, often paired with counseling and therapy.<\/p>\n<\/div><div ><a class=\"fusion-button button-flat fusion-button-default-size button-default fusion-button-default button-3 fusion-button-default-span fusion-button-default-type\" target=\"_blank\" rel=\"noopener noreferrer\" href=\"https:\/\/copefamilysupport.coursestorm.com\/category\/parent-education-english \"><span class=\"fusion-button-text awb-button__text awb-button__text--default\">CLASSES IN ENGLISH<\/span><\/a><\/div><div ><a class=\"fusion-button button-flat fusion-button-default-size button-default fusion-button-default button-4 fusion-button-default-span fusion-button-default-type\" style=\"--button_margin-top:20px;\" target=\"_blank\" rel=\"noopener noreferrer\" href=\"https:\/\/copefamilysupport.coursestorm.com\/category\/parent-education-spanish\"><span class=\"fusion-button-text awb-button__text awb-button__text--default\">CLASES EN espa\u00f1ol<\/span><\/a><\/div><\/div><\/div><div class=\"fusion-layout-column fusion_builder_column fusion-builder-column-5 fusion_builder_column_1_1 1_1 fusion-flex-column\" style=\"--awb-bg-size:cover;--awb-width-large:100%;--awb-margin-top-large:0px;--awb-spacing-right-large:1.92%;--awb-margin-bottom-large:20px;--awb-spacing-left-large:1.92%;--awb-width-medium:100%;--awb-order-medium:0;--awb-spacing-right-medium:1.92%;--awb-spacing-left-medium:1.92%;--awb-width-small:100%;--awb-order-small:0;--awb-spacing-right-small:1.92%;--awb-spacing-left-small:1.92%;\"><div class=\"fusion-column-wrapper fusion-column-has-shadow fusion-flex-justify-content-flex-start fusion-content-layout-column\"><div class=\"fusion-video fusion-vimeo\" style=\"--awb-max-width:600px;--awb-max-height:360px;--awb-align-self:center;--awb-width:100%;\"><div class=\"video-shortcode\"><div class=\"fluid-width-video-wrapper\" style=\"padding-top:60%;\" ><iframe title=\"Vimeo video player 2\" src=\"https:\/\/player.vimeo.com\/video\/1102691066?autoplay=0&amp;rel=0&autopause=0\" width=\"600\" height=\"360\" allowfullscreen allow=\"autoplay; fullscreen\"><\/iframe><\/div><\/div><\/div><\/div><\/div><\/div><\/div><div class=\"fusion-fullwidth fullwidth-box fusion-builder-row-4 fusion-flex-container has-pattern-background has-mask-background nonhundred-percent-fullwidth non-hundred-percent-height-scrolling\" style=\"--awb-border-radius-top-left:0px;--awb-border-radius-top-right:0px;--awb-border-radius-bottom-right:0px;--awb-border-radius-bottom-left:0px;--awb-padding-top:25px;--awb-background-color:var(--awb-color7);--awb-flex-wrap:wrap;\" ><div class=\"fusion-builder-row fusion-row fusion-flex-align-items-flex-start fusion-flex-content-wrap\" style=\"max-width:1144px;margin-left: calc(-4% \/ 2 );margin-right: calc(-4% \/ 2 );\"><div class=\"fusion-layout-column fusion_builder_column fusion-builder-column-6 fusion_builder_column_1_1 1_1 fusion-flex-column\" style=\"--awb-padding-top:0px;--awb-padding-bottom:0px;--awb-bg-size:cover;--awb-width-large:100%;--awb-margin-top-large:0px;--awb-spacing-right-large:1.92%;--awb-margin-bottom-large:0px;--awb-spacing-left-large:1.92%;--awb-width-medium:100%;--awb-order-medium:0;--awb-spacing-right-medium:1.92%;--awb-spacing-left-medium:1.92%;--awb-width-small:100%;--awb-order-small:0;--awb-spacing-right-small:1.92%;--awb-spacing-left-small:1.92%;\" data-scroll-devices=\"small-visibility,medium-visibility,large-visibility\"><div class=\"fusion-column-wrapper fusion-column-has-shadow fusion-flex-justify-content-flex-start fusion-content-layout-column\"><div class=\"fusion-text fusion-text-4\"><h2>Triple P Positive Parenting Program<\/h2>\n<\/div><\/div><\/div><div class=\"fusion-layout-column fusion_builder_column fusion-builder-column-7 fusion-flex-column\" style=\"--awb-padding-top:5px;--awb-bg-size:cover;--awb-width-large:45%;--awb-margin-top-large:0px;--awb-spacing-right-large:4.2666666666667%;--awb-margin-bottom-large:20px;--awb-spacing-left-large:4.2666666666667%;--awb-width-medium:45%;--awb-order-medium:0;--awb-spacing-right-medium:4.2666666666667%;--awb-spacing-left-medium:4.2666666666667%;--awb-width-small:100%;--awb-order-small:0;--awb-spacing-right-small:1.92%;--awb-spacing-left-small:1.92%;\" data-scroll-devices=\"small-visibility,medium-visibility,large-visibility\"><div class=\"fusion-column-wrapper fusion-column-has-shadow fusion-flex-justify-content-flex-start fusion-content-layout-column\"><div class=\"fusion-text fusion-text-5\"><p><img decoding=\"async\" class=\" wp-image-1000 alignleft\" src=\"https:\/\/dev.detati.net\/copefamilysupport\/wp-content\/uploads\/2025\/06\/tripleP-logo.png\" alt=\"\" width=\"185\" height=\"146\" srcset=\"https:\/\/dev.detati.net\/copefamilysupport\/wp-content\/uploads\/2025\/06\/tripleP-logo-200x157.png 200w, https:\/\/dev.detati.net\/copefamilysupport\/wp-content\/uploads\/2025\/06\/tripleP-logo.png 202w\" sizes=\"(max-width: 185px) 100vw, 185px\" \/>The Triple P Positive Parenting Program<sup>\u00ae<\/sup> has been demonstrated to prevent and treat behavioral, emotional and developmental problems in children by enhancing the knowledge, skills, and confidence of parents. All of this is done through a strength-based and self-reflective approach that builds upon existing parenting strengths. The flexibility and scope of the system enables it to be offered in a variety of settings with a diverse range of practitioners and target populations. COPE&#8217;s practitioners are accredited on the wide array of curriculum created by this program.<\/p>\n<\/div><\/div><\/div><div class=\"fusion-layout-column fusion_builder_column fusion-builder-column-8 fusion-flex-column\" style=\"--awb-bg-size:cover;--awb-width-large:55%;--awb-margin-top-large:0px;--awb-spacing-right-large:3.4909090909091%;--awb-margin-bottom-large:20px;--awb-spacing-left-large:3.4909090909091%;--awb-width-medium:55%;--awb-order-medium:0;--awb-spacing-right-medium:3.4909090909091%;--awb-spacing-left-medium:3.4909090909091%;--awb-width-small:100%;--awb-order-small:0;--awb-spacing-right-small:1.92%;--awb-spacing-left-small:1.92%;\" data-scroll-devices=\"small-visibility,medium-visibility,large-visibility\"><div class=\"fusion-column-wrapper fusion-column-has-shadow fusion-flex-justify-content-flex-start fusion-content-layout-column\"><div class=\"fusion-text fusion-text-6\"><h4>TRIPLE P GOALS are to:<\/h4>\n<ul>\n<li><em>Promote the independence and health of families through the enhancement of parents\u2019 knowledge, skills, and confidence.<\/em><\/li>\n<li><em>Further the development of non-violent, protective, and nurturing environments for children.<\/em><\/li>\n<li><em>Support the development, growth, health, and social competence of young children.<\/em><\/li>\n<li><em>Reduce the incidence of child maltreatment, behavioral and emotional problems in childhood and adolescence, delinquency, substance abuse and academic failure.<\/em><\/li>\n<li><em>Enhance the competence, resourcefulness, and self-sufficiency of parenting while raising their children<\/em><\/li>\n<\/ul>\n<\/div><\/div><\/div><\/div><\/div><\/p>\n","protected":false},"excerpt":{"rendered":"","protected":false},"author":1,"featured_media":0,"parent":0,"menu_order":0,"comment_status":"closed","ping_status":"closed","template":"100-width.php","meta":{"footnotes":""},"class_list":["post-20","page","type-page","status-publish","hentry"],"yoast_head":"<!-- This site is optimized with the Yoast SEO plugin v25.6 - https:\/\/yoast.com\/wordpress\/plugins\/seo\/ -->\n<title>Parenting Classes - Cope Family Support<\/title>\n<meta name=\"description\" content=\"Parenting classes to enhance parents&#039; knowledge, skills and confidence. Designed for families in crisis. Register or call for customized plan.\" \/>\n<meta name=\"robots\" content=\"index, follow, max-snippet:-1, max-image-preview:large, max-video-preview:-1\" \/>\n<link rel=\"canonical\" href=\"https:\/\/dev.detati.net\/copefamilysupport\/parenting-classes\/\" \/>\n<meta property=\"og:locale\" content=\"en_US\" \/>\n<meta property=\"og:type\" content=\"article\" \/>\n<meta property=\"og:title\" content=\"Parenting Classes - Cope Family Support\" \/>\n<meta property=\"og:description\" content=\"Parenting classes to enhance parents&#039; knowledge, skills and confidence. Designed for families in crisis. Register or call for customized plan.\" \/>\n<meta property=\"og:url\" content=\"https:\/\/dev.detati.net\/copefamilysupport\/parenting-classes\/\" \/>\n<meta property=\"og:site_name\" content=\"Cope Family Support\" \/>\n<meta property=\"article:modified_time\" content=\"2025-08-09T19:42:40+00:00\" \/>\n<meta property=\"og:image\" content=\"https:\/\/dev.detati.net\/copefamilysupport\/wp-content\/uploads\/2025\/06\/tripleP-logo.png\" \/>\n<meta name=\"twitter:card\" content=\"summary_large_image\" \/>\n<meta name=\"twitter:label1\" content=\"Est. reading time\" \/>\n\t<meta name=\"twitter:data1\" content=\"2 minutes\" \/>\n<script type=\"application\/ld+json\" class=\"yoast-schema-graph\">{\"@context\":\"https:\/\/schema.org\",\"@graph\":[{\"@type\":\"WebPage\",\"@id\":\"https:\/\/dev.detati.net\/copefamilysupport\/parenting-classes\/\",\"url\":\"https:\/\/dev.detati.net\/copefamilysupport\/parenting-classes\/\",\"name\":\"Parenting Classes - Cope Family Support\",\"isPartOf\":{\"@id\":\"https:\/\/dev.detati.net\/copefamilysupport\/#website\"},\"primaryImageOfPage\":{\"@id\":\"https:\/\/dev.detati.net\/copefamilysupport\/parenting-classes\/#primaryimage\"},\"image\":{\"@id\":\"https:\/\/dev.detati.net\/copefamilysupport\/parenting-classes\/#primaryimage\"},\"thumbnailUrl\":\"https:\/\/dev.detati.net\/copefamilysupport\/wp-content\/uploads\/2025\/06\/tripleP-logo.png\",\"datePublished\":\"2025-05-08T19:23:55+00:00\",\"dateModified\":\"2025-08-09T19:42:40+00:00\",\"description\":\"Parenting classes to enhance parents' knowledge, skills and confidence. Designed for families in crisis. Register or call for customized plan.\",\"breadcrumb\":{\"@id\":\"https:\/\/dev.detati.net\/copefamilysupport\/parenting-classes\/#breadcrumb\"},\"inLanguage\":\"en-US\",\"potentialAction\":[{\"@type\":\"ReadAction\",\"target\":[\"https:\/\/dev.detati.net\/copefamilysupport\/parenting-classes\/\"]}]},{\"@type\":\"ImageObject\",\"inLanguage\":\"en-US\",\"@id\":\"https:\/\/dev.detati.net\/copefamilysupport\/parenting-classes\/#primaryimage\",\"url\":\"https:\/\/dev.detati.net\/copefamilysupport\/wp-content\/uploads\/2025\/06\/tripleP-logo.png\",\"contentUrl\":\"https:\/\/dev.detati.net\/copefamilysupport\/wp-content\/uploads\/2025\/06\/tripleP-logo.png\",\"width\":202,\"height\":159},{\"@type\":\"BreadcrumbList\",\"@id\":\"https:\/\/dev.detati.net\/copefamilysupport\/parenting-classes\/#breadcrumb\",\"itemListElement\":[{\"@type\":\"ListItem\",\"position\":1,\"name\":\"Home\",\"item\":\"https:\/\/dev.detati.net\/copefamilysupport\/\"},{\"@type\":\"ListItem\",\"position\":2,\"name\":\"Parenting Classes\"}]},{\"@type\":\"WebSite\",\"@id\":\"https:\/\/dev.detati.net\/copefamilysupport\/#website\",\"url\":\"https:\/\/dev.detati.net\/copefamilysupport\/\",\"name\":\"Cope Family Support\",\"description\":\"\",\"potentialAction\":[{\"@type\":\"SearchAction\",\"target\":{\"@type\":\"EntryPoint\",\"urlTemplate\":\"https:\/\/dev.detati.net\/copefamilysupport\/?s={search_term_string}\"},\"query-input\":{\"@type\":\"PropertyValueSpecification\",\"valueRequired\":true,\"valueName\":\"search_term_string\"}}],\"inLanguage\":\"en-US\"}]}<\/script>\n<!-- \/ Yoast SEO plugin. -->","yoast_head_json":{"title":"Parenting Classes - Cope Family Support","description":"Parenting classes to enhance parents' knowledge, skills and confidence. Designed for families in crisis. Register or call for customized plan.","robots":{"index":"index","follow":"follow","max-snippet":"max-snippet:-1","max-image-preview":"max-image-preview:large","max-video-preview":"max-video-preview:-1"},"canonical":"https:\/\/dev.detati.net\/copefamilysupport\/parenting-classes\/","og_locale":"en_US","og_type":"article","og_title":"Parenting Classes - Cope Family Support","og_description":"Parenting classes to enhance parents' knowledge, skills and confidence. Designed for families in crisis. Register or call for customized plan.","og_url":"https:\/\/dev.detati.net\/copefamilysupport\/parenting-classes\/","og_site_name":"Cope Family Support","article_modified_time":"2025-08-09T19:42:40+00:00","og_image":[{"url":"https:\/\/dev.detati.net\/copefamilysupport\/wp-content\/uploads\/2025\/06\/tripleP-logo.png","type":"","width":"","height":""}],"twitter_card":"summary_large_image","twitter_misc":{"Est. reading time":"2 minutes"},"schema":{"@context":"https:\/\/schema.org","@graph":[{"@type":"WebPage","@id":"https:\/\/dev.detati.net\/copefamilysupport\/parenting-classes\/","url":"https:\/\/dev.detati.net\/copefamilysupport\/parenting-classes\/","name":"Parenting Classes - Cope Family Support","isPartOf":{"@id":"https:\/\/dev.detati.net\/copefamilysupport\/#website"},"primaryImageOfPage":{"@id":"https:\/\/dev.detati.net\/copefamilysupport\/parenting-classes\/#primaryimage"},"image":{"@id":"https:\/\/dev.detati.net\/copefamilysupport\/parenting-classes\/#primaryimage"},"thumbnailUrl":"https:\/\/dev.detati.net\/copefamilysupport\/wp-content\/uploads\/2025\/06\/tripleP-logo.png","datePublished":"2025-05-08T19:23:55+00:00","dateModified":"2025-08-09T19:42:40+00:00","description":"Parenting classes to enhance parents' knowledge, skills and confidence. Designed for families in crisis. Register or call for customized plan.","breadcrumb":{"@id":"https:\/\/dev.detati.net\/copefamilysupport\/parenting-classes\/#breadcrumb"},"inLanguage":"en-US","potentialAction":[{"@type":"ReadAction","target":["https:\/\/dev.detati.net\/copefamilysupport\/parenting-classes\/"]}]},{"@type":"ImageObject","inLanguage":"en-US","@id":"https:\/\/dev.detati.net\/copefamilysupport\/parenting-classes\/#primaryimage","url":"https:\/\/dev.detati.net\/copefamilysupport\/wp-content\/uploads\/2025\/06\/tripleP-logo.png","contentUrl":"https:\/\/dev.detati.net\/copefamilysupport\/wp-content\/uploads\/2025\/06\/tripleP-logo.png","width":202,"height":159},{"@type":"BreadcrumbList","@id":"https:\/\/dev.detati.net\/copefamilysupport\/parenting-classes\/#breadcrumb","itemListElement":[{"@type":"ListItem","position":1,"name":"Home","item":"https:\/\/dev.detati.net\/copefamilysupport\/"},{"@type":"ListItem","position":2,"name":"Parenting Classes"}]},{"@type":"WebSite","@id":"https:\/\/dev.detati.net\/copefamilysupport\/#website","url":"https:\/\/dev.detati.net\/copefamilysupport\/","name":"Cope Family Support","description":"","potentialAction":[{"@type":"SearchAction","target":{"@type":"EntryPoint","urlTemplate":"https:\/\/dev.detati.net\/copefamilysupport\/?s={search_term_string}"},"query-input":{"@type":"PropertyValueSpecification","valueRequired":true,"valueName":"search_term_string"}}],"inLanguage":"en-US"}]}},"_links":{"self":[{"href":"https:\/\/dev.detati.net\/copefamilysupport\/wp-json\/wp\/v2\/pages\/20","targetHints":{"allow":["GET"]}}],"collection":[{"href":"https:\/\/dev.detati.net\/copefamilysupport\/wp-json\/wp\/v2\/pages"}],"about":[{"href":"https:\/\/dev.detati.net\/copefamilysupport\/wp-json\/wp\/v2\/types\/page"}],"author":[{"embeddable":true,"href":"https:\/\/dev.detati.net\/copefamilysupport\/wp-json\/wp\/v2\/users\/1"}],"replies":[{"embeddable":true,"href":"https:\/\/dev.detati.net\/copefamilysupport\/wp-json\/wp\/v2\/comments?post=20"}],"version-history":[{"count":38,"href":"https:\/\/dev.detati.net\/copefamilysupport\/wp-json\/wp\/v2\/pages\/20\/revisions"}],"predecessor-version":[{"id":1853,"href":"https:\/\/dev.detati.net\/copefamilysupport\/wp-json\/wp\/v2\/pages\/20\/revisions\/1853"}],"wp:attachment":[{"href":"https:\/\/dev.detati.net\/copefamilysupport\/wp-json\/wp\/v2\/media?parent=20"}],"curies":[{"name":"wp","href":"https:\/\/api.w.org\/{rel}","templated":true}]}}